{"id":136174,"date":"2025-02-18T14:59:58","date_gmt":"2025-02-18T13:59:58","guid":{"rendered":"http:\/\/mjfoto.webd.pro\/artgraf\/?post_type=product&#038;p=136174"},"modified":"2026-02-02T10:45:00","modified_gmt":"2026-02-02T09:45:00","slug":"koperty-kwadratowe-155mm-x-155mm-zielone-80g","status":"publish","type":"product","link":"https:\/\/art-graf.net\/index.php\/product\/koperty-kwadratowe-155mm-x-155mm-zielone-80g\/","title":{"rendered":"Koperty kwadratowe &#8211; 155mm x 155mm | Zielone 80g"},"content":{"rendered":"<p>Przedstawiamy Pa\u0144stwu kolorowe koperty idealne do zaprosze\u0144, podzi\u0119kowa\u0144 i wielu innych. Koperty wykonane s\u0105 w KOLORZE ZIELONYM z papieru o gramaturze 80g.\u00a0Zamawiaj\u0105c koperty w naszej firmie masz pewno\u015b\u0107, \u017ce spe\u0142ni\u0105 oczekiwania Twoje i Twoich klient\u00f3w.<\/p>\n<p>Wszystkie koperty sprzedawane s\u0105 w\u00a0<span style=\"color: #ff0000;\"><strong><em>kompletach \u2013 kupuj\u0105c 1 kpl. kupujesz 5 szt.<\/em><\/strong><\/span><\/p>\n","protected":false},"excerpt":{"rendered":"<div id=\"short_description_block\">\n<div id=\"short_description_content\" class=\"rte align_justify\">\n<p>Kwadratowe koperty kolorowe &#8211; 155mm x 155mm &#8211; 80g<\/p>\n<\/div>\n<\/div>\n","protected":false},"featured_media":137804,"comment_status":"open","ping_status":"closed","template":"","meta":{"rs_blank_template":"","rs_page_bg_color":"","slide_template_v7":""},"product_brand":[],"product_cat":[179,111,136,115,137,112],"product_tag":[128,139,118,119,140],"class_list":{"0":"post-136174","1":"product","2":"type-product","3":"status-publish","4":"has-post-thumbnail","6":"product_cat-155mm-x-155mm","7":"product_cat-koperty","8":"product_cat-koperty-kolorowe","9":"product_cat-koperty-kwadratowe-koperty","10":"product_cat-koperty-kwadratowe-koperty-kolorowe","11":"product_cat-koperty-ozdobne","12":"product_tag-155mm","13":"product_tag-80g","14":"product_tag-koperty","15":"product_tag-kwadratowe","16":"product_tag-zielone","18":"first","19":"instock","20":"shipping-taxable","21":"purchasable","22":"product-type-simple"},"_links":{"self":[{"href":"https:\/\/art-graf.net\/index.php\/wp-json\/wp\/v2\/product\/136174","targetHints":{"allow":["GET"]}}],"collection":[{"href":"https:\/\/art-graf.net\/index.php\/wp-json\/wp\/v2\/product"}],"about":[{"href":"https:\/\/art-graf.net\/index.php\/wp-json\/wp\/v2\/types\/product"}],"replies":[{"embeddable":true,"href":"https:\/\/art-graf.net\/index.php\/wp-json\/wp\/v2\/comments?post=136174"}],"wp:featuredmedia":[{"embeddable":true,"href":"https:\/\/art-graf.net\/index.php\/wp-json\/wp\/v2\/media\/137804"}],"wp:attachment":[{"href":"https:\/\/art-graf.net\/index.php\/wp-json\/wp\/v2\/media?parent=136174"}],"wp:term":[{"taxonomy":"product_brand","embeddable":true,"href":"https:\/\/art-graf.net\/index.php\/wp-json\/wp\/v2\/product_brand?post=136174"},{"taxonomy":"product_cat","embeddable":true,"href":"https:\/\/art-graf.net\/index.php\/wp-json\/wp\/v2\/product_cat?post=136174"},{"taxonomy":"product_tag","embeddable":true,"href":"https:\/\/art-graf.net\/index.php\/wp-json\/wp\/v2\/product_tag?post=136174"}],"curies":[{"name":"wp","href":"https:\/\/api.w.org\/{rel}","templated":true}]}}