{"id":136445,"date":"2025-02-18T15:49:08","date_gmt":"2025-02-18T14:49:08","guid":{"rendered":"http:\/\/mjfoto.webd.pro\/artgraf\/?post_type=product&#038;p=136445"},"modified":"2026-02-02T10:32:03","modified_gmt":"2026-02-02T09:32:03","slug":"koperty-proste-90mm-x-155mm-zolte-80g","status":"publish","type":"product","link":"https:\/\/art-graf.net\/index.php\/product\/koperty-proste-90mm-x-155mm-zolte-80g\/","title":{"rendered":"Koperty proste &#8211; 90mm x 155mm | \u017b\u00f3\u0142te 80g"},"content":{"rendered":"<p>Przedstawiamy Pa\u0144stwu kolorowe koperty idealne do zaprosze\u0144, podzi\u0119kowa\u0144 i wielu innych. Koperty wykonane s\u0105 w KOLORZE \u017b\u00d3\u0141TYM z papieru o gramaturze 80g. Zamawiaj\u0105c koperty w naszej firmie masz pewno\u015b\u0107, \u017ce spe\u0142ni\u0105 oczekiwania Twoje i Twoich klient\u00f3w.<\/p>\n<p>Wszystkie koperty sprzedawane s\u0105 w\u00a0<span style=\"color: #ff0000;\"><strong><em>kompletach \u2013 kupuj\u0105c 1 kpl. kupujesz 5 szt.<\/em><\/strong><\/span><\/p>\n","protected":false},"excerpt":{"rendered":"<p>\u017b\u00f3\u0142te koperty proste &#8211; 90mm x 155mm \u2013 80g<\/p>\n","protected":false},"featured_media":137694,"comment_status":"open","ping_status":"closed","template":"","meta":{"rs_blank_template":"","rs_page_bg_color":"","slide_template_v7":""},"product_brand":[],"product_cat":[204,111,136,112,151,200],"product_tag":[128,139,159,118,153,193],"class_list":{"0":"post-136445","1":"product","2":"type-product","3":"status-publish","4":"has-post-thumbnail","6":"product_cat-90mm-x-155mm","7":"product_cat-koperty","8":"product_cat-koperty-kolorowe","9":"product_cat-koperty-ozdobne","10":"product_cat-koperty-proste-koperty","11":"product_cat-koperty-proste-koperty-kolorowe","12":"product_tag-155mm","13":"product_tag-80g","14":"product_tag-90mm","15":"product_tag-koperty","16":"product_tag-proste","17":"product_tag-zolte","19":"first","20":"instock","21":"shipping-taxable","22":"purchasable","23":"product-type-simple"},"_links":{"self":[{"href":"https:\/\/art-graf.net\/index.php\/wp-json\/wp\/v2\/product\/136445","targetHints":{"allow":["GET"]}}],"collection":[{"href":"https:\/\/art-graf.net\/index.php\/wp-json\/wp\/v2\/product"}],"about":[{"href":"https:\/\/art-graf.net\/index.php\/wp-json\/wp\/v2\/types\/product"}],"replies":[{"embeddable":true,"href":"https:\/\/art-graf.net\/index.php\/wp-json\/wp\/v2\/comments?post=136445"}],"wp:featuredmedia":[{"embeddable":true,"href":"https:\/\/art-graf.net\/index.php\/wp-json\/wp\/v2\/media\/137694"}],"wp:attachment":[{"href":"https:\/\/art-graf.net\/index.php\/wp-json\/wp\/v2\/media?parent=136445"}],"wp:term":[{"taxonomy":"product_brand","embeddable":true,"href":"https:\/\/art-graf.net\/index.php\/wp-json\/wp\/v2\/product_brand?post=136445"},{"taxonomy":"product_cat","embeddable":true,"href":"https:\/\/art-graf.net\/index.php\/wp-json\/wp\/v2\/product_cat?post=136445"},{"taxonomy":"product_tag","embeddable":true,"href":"https:\/\/art-graf.net\/index.php\/wp-json\/wp\/v2\/product_tag?post=136445"}],"curies":[{"name":"wp","href":"https:\/\/api.w.org\/{rel}","templated":true}]}}