{"id":136677,"date":"2025-02-22T12:42:14","date_gmt":"2025-02-22T11:42:14","guid":{"rendered":"http:\/\/mjfoto.webd.pro\/artgraf\/?post_type=product&#038;p=136677"},"modified":"2026-02-02T10:40:44","modified_gmt":"2026-02-02T09:40:44","slug":"koperty-standardowe-c7-c6-81mm-x-162mm-czarne-90g-2","status":"publish","type":"product","link":"https:\/\/art-graf.net\/index.php\/product\/koperty-standardowe-c7-c6-81mm-x-162mm-czarne-90g-2\/","title":{"rendered":"Koperty standardowe C7\/C6 &#8211; 81mm x 162mm \/ Czarne 90g"},"content":{"rendered":"<p>Przedstawiamy Pa\u0144stwu kolorowe koperty idealne do zaprosze\u0144, podzi\u0119kowa\u0144 i wielu innych. Koperty wykonane s\u0105 w KOLORZE CZARNYM z papieru o gramaturze 90g. Zamawiaj\u0105c koperty w naszej firmie masz pewno\u015b\u0107, \u017ce spe\u0142ni\u0105 oczekiwania Twoje i Twoich klient\u00f3w.<\/p>\n<p>Wszystkie koperty sprzedawane s\u0105 w\u00a0<span style=\"color: #ff0000;\"><strong><em>kompletach \u2013 kupuj\u0105c 1 kpl. kupujesz 5 szt.<\/em><\/strong><\/span><\/p>\n","protected":false},"excerpt":{"rendered":"<p>Czarne koperty standardowe C7\/C6 &#8211; 81mm x 162mm \u2013 90g<\/p>\n","protected":false},"featured_media":136149,"comment_status":"open","ping_status":"closed","template":"","meta":{"rs_blank_template":"","rs_page_bg_color":"","slide_template_v7":""},"product_brand":[],"product_cat":[111,166,112,132,170],"product_tag":[142,144,168,145,169,118,135],"class_list":{"0":"post-136677","1":"product","2":"type-product","3":"status-publish","4":"has-post-thumbnail","6":"product_cat-koperty","7":"product_cat-koperty-czarne","8":"product_cat-koperty-ozdobne","9":"product_cat-koperty-standardowe-koperty","10":"product_cat-koperty-standardowe-koperty-czarne","11":"product_tag-162mm","12":"product_tag-81mm","13":"product_tag-90g","14":"product_tag-c7-c6","15":"product_tag-czarne","16":"product_tag-koperty","17":"product_tag-standardowe","19":"first","20":"instock","21":"shipping-taxable","22":"purchasable","23":"product-type-simple"},"_links":{"self":[{"href":"https:\/\/art-graf.net\/index.php\/wp-json\/wp\/v2\/product\/136677","targetHints":{"allow":["GET"]}}],"collection":[{"href":"https:\/\/art-graf.net\/index.php\/wp-json\/wp\/v2\/product"}],"about":[{"href":"https:\/\/art-graf.net\/index.php\/wp-json\/wp\/v2\/types\/product"}],"replies":[{"embeddable":true,"href":"https:\/\/art-graf.net\/index.php\/wp-json\/wp\/v2\/comments?post=136677"}],"wp:featuredmedia":[{"embeddable":true,"href":"https:\/\/art-graf.net\/index.php\/wp-json\/wp\/v2\/media\/136149"}],"wp:attachment":[{"href":"https:\/\/art-graf.net\/index.php\/wp-json\/wp\/v2\/media?parent=136677"}],"wp:term":[{"taxonomy":"product_brand","embeddable":true,"href":"https:\/\/art-graf.net\/index.php\/wp-json\/wp\/v2\/product_brand?post=136677"},{"taxonomy":"product_cat","embeddable":true,"href":"https:\/\/art-graf.net\/index.php\/wp-json\/wp\/v2\/product_cat?post=136677"},{"taxonomy":"product_tag","embeddable":true,"href":"https:\/\/art-graf.net\/index.php\/wp-json\/wp\/v2\/product_tag?post=136677"}],"curies":[{"name":"wp","href":"https:\/\/api.w.org\/{rel}","templated":true}]}}