{"id":136856,"date":"2025-02-22T12:45:04","date_gmt":"2025-02-22T11:45:04","guid":{"rendered":"http:\/\/mjfoto.webd.pro\/artgraf\/?post_type=product&#038;p=136856"},"modified":"2026-02-02T10:47:09","modified_gmt":"2026-02-02T09:47:09","slug":"koperty-standardowe-c7-c6-81mm-x-162mm-rozowe-80g-2","status":"publish","type":"product","link":"https:\/\/art-graf.net\/index.php\/product\/koperty-standardowe-c7-c6-81mm-x-162mm-rozowe-80g-2\/","title":{"rendered":"Koperty standardowe C7\/C6 &#8211; 81mm x 162mm \/ R\u00f3\u017cowe 80g"},"content":{"rendered":"<p>Przedstawiamy Pa\u0144stwu kolorowe koperty idealne do zaprosze\u0144, podzi\u0119kowa\u0144 i wielu innych. Koperty wykonane s\u0105 w KOLORZE R\u00d3\u017bOWYM z papieru o gramaturze 80g. Zamawiaj\u0105c koperty w naszej firmie masz pewno\u015b\u0107, \u017ce spe\u0142ni\u0105 oczekiwania Twoje i Twoich klient\u00f3w.<\/p>\n<p>Wszystkie koperty sprzedawane s\u0105 w\u00a0<span style=\"color: #ff0000;\"><strong><em>kompletach \u2013 kupuj\u0105c 1 kpl. kupujesz 5 szt.<\/em><\/strong><\/span><\/p>\n","protected":false},"excerpt":{"rendered":"<p>R\u00f3\u017cowe koperty standardowe C7\/C6 &#8211; 81mm x 162mm \u2013 80g<\/p>\n","protected":false},"featured_media":136410,"comment_status":"open","ping_status":"closed","template":"","meta":{"rs_blank_template":"","rs_page_bg_color":"","slide_template_v7":""},"product_brand":[],"product_cat":[198,111,136,112,132,194],"product_tag":[142,139,144,145,118,192,135],"class_list":{"0":"post-136856","1":"product","2":"type-product","3":"status-publish","4":"has-post-thumbnail","6":"product_cat-c7-c6","7":"product_cat-koperty","8":"product_cat-koperty-kolorowe","9":"product_cat-koperty-ozdobne","10":"product_cat-koperty-standardowe-koperty","11":"product_cat-koperty-standardowe-koperty-kolorowe","12":"product_tag-162mm","13":"product_tag-80g","14":"product_tag-81mm","15":"product_tag-c7-c6","16":"product_tag-koperty","17":"product_tag-rozowe","18":"product_tag-standardowe","20":"first","21":"instock","22":"shipping-taxable","23":"purchasable","24":"product-type-simple"},"_links":{"self":[{"href":"https:\/\/art-graf.net\/index.php\/wp-json\/wp\/v2\/product\/136856","targetHints":{"allow":["GET"]}}],"collection":[{"href":"https:\/\/art-graf.net\/index.php\/wp-json\/wp\/v2\/product"}],"about":[{"href":"https:\/\/art-graf.net\/index.php\/wp-json\/wp\/v2\/types\/product"}],"replies":[{"embeddable":true,"href":"https:\/\/art-graf.net\/index.php\/wp-json\/wp\/v2\/comments?post=136856"}],"wp:featuredmedia":[{"embeddable":true,"href":"https:\/\/art-graf.net\/index.php\/wp-json\/wp\/v2\/media\/136410"}],"wp:attachment":[{"href":"https:\/\/art-graf.net\/index.php\/wp-json\/wp\/v2\/media?parent=136856"}],"wp:term":[{"taxonomy":"product_brand","embeddable":true,"href":"https:\/\/art-graf.net\/index.php\/wp-json\/wp\/v2\/product_brand?post=136856"},{"taxonomy":"product_cat","embeddable":true,"href":"https:\/\/art-graf.net\/index.php\/wp-json\/wp\/v2\/product_cat?post=136856"},{"taxonomy":"product_tag","embeddable":true,"href":"https:\/\/art-graf.net\/index.php\/wp-json\/wp\/v2\/product_tag?post=136856"}],"curies":[{"name":"wp","href":"https:\/\/api.w.org\/{rel}","templated":true}]}}