{"id":136866,"date":"2025-02-22T12:45:27","date_gmt":"2025-02-22T11:45:27","guid":{"rendered":"http:\/\/mjfoto.webd.pro\/artgraf\/?post_type=product&#038;p=136866"},"modified":"2026-02-02T10:47:08","modified_gmt":"2026-02-02T09:47:08","slug":"koperty-standardowe-dl-110mm-x-220mm-lawendowe-80g-2","status":"publish","type":"product","link":"https:\/\/art-graf.net\/index.php\/product\/koperty-standardowe-dl-110mm-x-220mm-lawendowe-80g-2\/","title":{"rendered":"Koperty standardowe DL &#8211; 110mm x 220mm \/ Lawendowe 80g"},"content":{"rendered":"<p>Przedstawiamy Pa\u0144stwu kolorowe koperty idealne do zaprosze\u0144, podzi\u0119kowa\u0144 i wielu innych. Koperty wykonane s\u0105 w KOLORZE LAWENDOWYM, FIOLETOWYM z papieru o gramaturze 80g. Zamawiaj\u0105c koperty w naszej firmie masz pewno\u015b\u0107, \u017ce spe\u0142ni\u0105 oczekiwania Twoje i Twoich klient\u00f3w.<\/p>\n<p>Wszystkie koperty sprzedawane s\u0105 w\u00a0<span style=\"color: #ff0000;\"><strong><em>kompletach \u2013 kupuj\u0105c 1 kpl. kupujesz 5 szt.<\/em><\/strong><\/span><\/p>\n","protected":false},"excerpt":{"rendered":"<p>Lawendowe koperty standardowe DL &#8211; 110mm x 220mm \u2013 80g<\/p>\n","protected":false},"featured_media":136406,"comment_status":"open","ping_status":"closed","template":"","meta":{"rs_blank_template":"","rs_page_bg_color":"","slide_template_v7":""},"product_brand":[],"product_cat":[199,111,136,112,132,194],"product_tag":[121,148,139,149,183,118,184,135],"class_list":{"0":"post-136866","1":"product","2":"type-product","3":"status-publish","4":"has-post-thumbnail","6":"product_cat-dl","7":"product_cat-koperty","8":"product_cat-koperty-kolorowe","9":"product_cat-koperty-ozdobne","10":"product_cat-koperty-standardowe-koperty","11":"product_cat-koperty-standardowe-koperty-kolorowe","12":"product_tag-110mm","13":"product_tag-220mm","14":"product_tag-80g","15":"product_tag-dl","16":"product_tag-fioletowe","17":"product_tag-koperty","18":"product_tag-lawendowe","19":"product_tag-standardowe","21":"first","22":"instock","23":"shipping-taxable","24":"purchasable","25":"product-type-simple"},"_links":{"self":[{"href":"https:\/\/art-graf.net\/index.php\/wp-json\/wp\/v2\/product\/136866","targetHints":{"allow":["GET"]}}],"collection":[{"href":"https:\/\/art-graf.net\/index.php\/wp-json\/wp\/v2\/product"}],"about":[{"href":"https:\/\/art-graf.net\/index.php\/wp-json\/wp\/v2\/types\/product"}],"replies":[{"embeddable":true,"href":"https:\/\/art-graf.net\/index.php\/wp-json\/wp\/v2\/comments?post=136866"}],"wp:featuredmedia":[{"embeddable":true,"href":"https:\/\/art-graf.net\/index.php\/wp-json\/wp\/v2\/media\/136406"}],"wp:attachment":[{"href":"https:\/\/art-graf.net\/index.php\/wp-json\/wp\/v2\/media?parent=136866"}],"wp:term":[{"taxonomy":"product_brand","embeddable":true,"href":"https:\/\/art-graf.net\/index.php\/wp-json\/wp\/v2\/product_brand?post=136866"},{"taxonomy":"product_cat","embeddable":true,"href":"https:\/\/art-graf.net\/index.php\/wp-json\/wp\/v2\/product_cat?post=136866"},{"taxonomy":"product_tag","embeddable":true,"href":"https:\/\/art-graf.net\/index.php\/wp-json\/wp\/v2\/product_tag?post=136866"}],"curies":[{"name":"wp","href":"https:\/\/api.w.org\/{rel}","templated":true}]}}