{"id":137006,"date":"2025-02-22T13:04:37","date_gmt":"2025-02-22T12:04:37","guid":{"rendered":"http:\/\/mjfoto.webd.pro\/artgraf\/?post_type=product&#038;p=137006"},"modified":"2026-02-23T08:19:11","modified_gmt":"2026-02-23T07:19:11","slug":"koperty-wizytowkowe-60mm-x-90mm-eko-100g-2","status":"publish","type":"product","link":"https:\/\/art-graf.net\/index.php\/product\/koperty-wizytowkowe-60mm-x-90mm-eko-100g-2\/","title":{"rendered":"Koperty wizyt\u00f3wkowe 60mm x 90mm | EKO 100g"},"content":{"rendered":"<p>Przedstawiamy Pa\u0144stwu kolorowe koperty idealne do zaprosze\u0144, podzi\u0119kowa\u0144 i wielu innych. Koperty wykonane s\u0105 w BR\u0104ZIE Z PAPIERU EKOLOGICZNEGO z papieru o gramaturze 100g. Zamawiaj\u0105c koperty w naszej firmie masz pewno\u015b\u0107, \u017ce spe\u0142ni\u0105 oczekiwania Twoje i Twoich klient\u00f3w.<\/p>\n<p>Wszystkie koperty sprzedawane s\u0105 w\u00a0<span style=\"color: #ff0000;\"><strong><em>kompletach \u2013 kupuj\u0105c 1 kpl. kupujesz 5 szt.<\/em><\/strong><\/span><\/p>\n","protected":false},"excerpt":{"rendered":"<p>EKO koperty wizyt\u00f3wkowe &#8211; 60mm x 90mm \u2013 100g<\/p>\n","protected":false},"featured_media":137546,"comment_status":"open","ping_status":"closed","template":"","meta":{"rs_blank_template":"","rs_page_bg_color":"","slide_template_v7":""},"product_brand":[],"product_cat":[111,161,112,210,216],"product_tag":[163,212,159,164,165,118,214],"class_list":{"0":"post-137006","1":"product","2":"type-product","3":"status-publish","4":"has-post-thumbnail","6":"product_cat-koperty","7":"product_cat-koperty-eko","8":"product_cat-koperty-ozdobne","9":"product_cat-koperty-wizytowkowe","10":"product_cat-proste","11":"product_tag-100g","12":"product_tag-60mm","13":"product_tag-90mm","14":"product_tag-braz","15":"product_tag-eko","16":"product_tag-koperty","17":"product_tag-wizytowkowe","19":"first","20":"instock","21":"shipping-taxable","22":"purchasable","23":"product-type-simple"},"_links":{"self":[{"href":"https:\/\/art-graf.net\/index.php\/wp-json\/wp\/v2\/product\/137006","targetHints":{"allow":["GET"]}}],"collection":[{"href":"https:\/\/art-graf.net\/index.php\/wp-json\/wp\/v2\/product"}],"about":[{"href":"https:\/\/art-graf.net\/index.php\/wp-json\/wp\/v2\/types\/product"}],"replies":[{"embeddable":true,"href":"https:\/\/art-graf.net\/index.php\/wp-json\/wp\/v2\/comments?post=137006"}],"wp:featuredmedia":[{"embeddable":true,"href":"https:\/\/art-graf.net\/index.php\/wp-json\/wp\/v2\/media\/137546"}],"wp:attachment":[{"href":"https:\/\/art-graf.net\/index.php\/wp-json\/wp\/v2\/media?parent=137006"}],"wp:term":[{"taxonomy":"product_brand","embeddable":true,"href":"https:\/\/art-graf.net\/index.php\/wp-json\/wp\/v2\/product_brand?post=137006"},{"taxonomy":"product_cat","embeddable":true,"href":"https:\/\/art-graf.net\/index.php\/wp-json\/wp\/v2\/product_cat?post=137006"},{"taxonomy":"product_tag","embeddable":true,"href":"https:\/\/art-graf.net\/index.php\/wp-json\/wp\/v2\/product_tag?post=137006"}],"curies":[{"name":"wp","href":"https:\/\/api.w.org\/{rel}","templated":true}]}}