{"id":137013,"date":"2025-02-22T13:04:39","date_gmt":"2025-02-22T12:04:39","guid":{"rendered":"http:\/\/mjfoto.webd.pro\/artgraf\/?post_type=product&#038;p=137013"},"modified":"2026-01-26T08:32:40","modified_gmt":"2026-01-26T07:32:40","slug":"koperty-wizytowkowe-60mm-x-90mm-pomaranczowe-80g","status":"publish","type":"product","link":"https:\/\/art-graf.net\/index.php\/product\/koperty-wizytowkowe-60mm-x-90mm-pomaranczowe-80g\/","title":{"rendered":"Koperty wizyt\u00f3wkowe 60mm x 90mm | Pomara\u0144czowe 80g"},"content":{"rendered":"<p>Przedstawiamy Pa\u0144stwu kolorowe koperty idealne do zaprosze\u0144, podzi\u0119kowa\u0144 i wielu innych. Koperty wykonane s\u0105 w KOLORZE POMARA\u0143CZOWYM z papieru o gramaturze 80g. Zamawiaj\u0105c koperty w naszej firmie masz pewno\u015b\u0107, \u017ce spe\u0142ni\u0105 oczekiwania Twoje i Twoich klient\u00f3w.<\/p>\n<p>Wszystkie koperty sprzedawane s\u0105 w\u00a0<span style=\"color: #ff0000;\"><strong><em>kompletach \u2013 kupuj\u0105c 1 kpl. kupujesz 5 szt.<\/em><\/strong><\/span><\/p>\n","protected":false},"excerpt":{"rendered":"<p>Pomara\u0144czowe koperty wizyt\u00f3wkowe &#8211; 60mm x 90mm \u2013 80g<\/p>\n","protected":false},"featured_media":137560,"comment_status":"open","ping_status":"closed","template":"","meta":{"rs_blank_template":"","rs_page_bg_color":"","slide_template_v7":""},"product_brand":[],"product_cat":[111,136,112,210,216],"product_tag":[212,139,159,118,191,214],"class_list":{"0":"post-137013","1":"product","2":"type-product","3":"status-publish","4":"has-post-thumbnail","6":"product_cat-koperty","7":"product_cat-koperty-kolorowe","8":"product_cat-koperty-ozdobne","9":"product_cat-koperty-wizytowkowe","10":"product_cat-proste","11":"product_tag-60mm","12":"product_tag-80g","13":"product_tag-90mm","14":"product_tag-koperty","15":"product_tag-pomaranczowe","16":"product_tag-wizytowkowe","18":"first","19":"instock","20":"shipping-taxable","21":"purchasable","22":"product-type-simple"},"_links":{"self":[{"href":"https:\/\/art-graf.net\/index.php\/wp-json\/wp\/v2\/product\/137013","targetHints":{"allow":["GET"]}}],"collection":[{"href":"https:\/\/art-graf.net\/index.php\/wp-json\/wp\/v2\/product"}],"about":[{"href":"https:\/\/art-graf.net\/index.php\/wp-json\/wp\/v2\/types\/product"}],"replies":[{"embeddable":true,"href":"https:\/\/art-graf.net\/index.php\/wp-json\/wp\/v2\/comments?post=137013"}],"wp:featuredmedia":[{"embeddable":true,"href":"https:\/\/art-graf.net\/index.php\/wp-json\/wp\/v2\/media\/137560"}],"wp:attachment":[{"href":"https:\/\/art-graf.net\/index.php\/wp-json\/wp\/v2\/media?parent=137013"}],"wp:term":[{"taxonomy":"product_brand","embeddable":true,"href":"https:\/\/art-graf.net\/index.php\/wp-json\/wp\/v2\/product_brand?post=137013"},{"taxonomy":"product_cat","embeddable":true,"href":"https:\/\/art-graf.net\/index.php\/wp-json\/wp\/v2\/product_cat?post=137013"},{"taxonomy":"product_tag","embeddable":true,"href":"https:\/\/art-graf.net\/index.php\/wp-json\/wp\/v2\/product_tag?post=137013"}],"curies":[{"name":"wp","href":"https:\/\/api.w.org\/{rel}","templated":true}]}}