{"id":137024,"date":"2025-02-22T13:05:03","date_gmt":"2025-02-22T12:05:03","guid":{"rendered":"http:\/\/mjfoto.webd.pro\/artgraf\/?post_type=product&#038;p=137024"},"modified":"2026-01-26T08:35:13","modified_gmt":"2026-01-26T07:35:13","slug":"koperty-wizytowkowe-55mm-x-95mm-rozowe-80g","status":"publish","type":"product","link":"https:\/\/art-graf.net\/index.php\/product\/koperty-wizytowkowe-55mm-x-95mm-rozowe-80g\/","title":{"rendered":"Koperty wizyt\u00f3wkowe 55mm x 95mm | R\u00f3\u017cowe 80g"},"content":{"rendered":"<p>Przedstawiamy Pa\u0144stwu kolorowe koperty idealne do zaprosze\u0144, podzi\u0119kowa\u0144 i wielu innych. Koperty wykonane s\u0105 w KOLORZE R\u00d3\u017bOWYM z papieru o gramaturze 80g. Zamawiaj\u0105c koperty w naszej firmie masz pewno\u015b\u0107, \u017ce spe\u0142ni\u0105 oczekiwania Twoje i Twoich klient\u00f3w.<\/p>\n<p>Wszystkie koperty sprzedawane s\u0105 w\u00a0<span style=\"color: #ff0000;\"><strong><em>kompletach \u2013 kupuj\u0105c 1 kpl. kupujesz 5 szt.<\/em><\/strong><\/span><\/p>\n<p>Co wyr\u00f3\u017cnia nasze koperty? Przede wszystkim indywidualne rozmiary i kolory. K\u0142adziemy du\u017cy nacisk na estetyk\u0119 i dok\u0142adno\u015b\u0107.<\/p>\n<p>Jeste\u015bmy profesjonaln\u0105 i przyjazn\u0105 dla klienta firm\u0105, dlatego przyk\u0142adamy du\u017c\u0105 wag\u0119 na\u00a0<b>jako\u015b\u0107<\/b>\u00a0i\u00a0<b>terminowo\u015b\u0107\u00a0<\/b>wykonywanych produkt\u00f3w. Do ka\u017cdego zam\u00f3wienia podchodzimy\u00a0<b>indywidualnie<\/b>, a \u015bredni czas realizacji zlecenia mie\u015bci si\u0119 w terminie 5 dni roboczych. Oczywi\u015bcie na \u017cyczenie klienta wystawiamy faktur\u0119.<\/p>\n","protected":false},"excerpt":{"rendered":"<p>R\u00f3\u017cowe koperty wizyt\u00f3wkowe &#8211; 55mm x 95mm \u2013 80g<\/p>\n","protected":false},"featured_media":137529,"comment_status":"open","ping_status":"closed","template":"","meta":{"rs_blank_template":"","rs_page_bg_color":"","slide_template_v7":""},"product_brand":[],"product_cat":[111,136,112,210,120,216],"product_tag":[217,139,218,118,192,214],"class_list":{"0":"post-137024","1":"product","2":"type-product","3":"status-publish","4":"has-post-thumbnail","6":"product_cat-koperty","7":"product_cat-koperty-kolorowe","8":"product_cat-koperty-ozdobne","9":"product_cat-koperty-wizytowkowe","10":"product_cat-promocje","11":"product_cat-proste","12":"product_tag-55mm","13":"product_tag-80g","14":"product_tag-95mm","15":"product_tag-koperty","16":"product_tag-rozowe","17":"product_tag-wizytowkowe","19":"first","20":"instock","21":"sale","22":"shipping-taxable","23":"purchasable","24":"product-type-simple"},"_links":{"self":[{"href":"https:\/\/art-graf.net\/index.php\/wp-json\/wp\/v2\/product\/137024","targetHints":{"allow":["GET"]}}],"collection":[{"href":"https:\/\/art-graf.net\/index.php\/wp-json\/wp\/v2\/product"}],"about":[{"href":"https:\/\/art-graf.net\/index.php\/wp-json\/wp\/v2\/types\/product"}],"replies":[{"embeddable":true,"href":"https:\/\/art-graf.net\/index.php\/wp-json\/wp\/v2\/comments?post=137024"}],"wp:featuredmedia":[{"embeddable":true,"href":"https:\/\/art-graf.net\/index.php\/wp-json\/wp\/v2\/media\/137529"}],"wp:attachment":[{"href":"https:\/\/art-graf.net\/index.php\/wp-json\/wp\/v2\/media?parent=137024"}],"wp:term":[{"taxonomy":"product_brand","embeddable":true,"href":"https:\/\/art-graf.net\/index.php\/wp-json\/wp\/v2\/product_brand?post=137024"},{"taxonomy":"product_cat","embeddable":true,"href":"https:\/\/art-graf.net\/index.php\/wp-json\/wp\/v2\/product_cat?post=137024"},{"taxonomy":"product_tag","embeddable":true,"href":"https:\/\/art-graf.net\/index.php\/wp-json\/wp\/v2\/product_tag?post=137024"}],"curies":[{"name":"wp","href":"https:\/\/api.w.org\/{rel}","templated":true}]}}