{"id":137068,"date":"2025-02-22T13:05:55","date_gmt":"2025-02-22T12:05:55","guid":{"rendered":"http:\/\/mjfoto.webd.pro\/artgraf\/?post_type=product&#038;p=137068"},"modified":"2026-02-02T10:46:46","modified_gmt":"2026-02-02T09:46:46","slug":"koperty-c6-kopertowe-114mm-x-162mm-niebieskie-80g","status":"publish","type":"product","link":"https:\/\/art-graf.net\/index.php\/product\/koperty-c6-kopertowe-114mm-x-162mm-niebieskie-80g\/","title":{"rendered":"Koperty C6 kopertowe 114mm x 162mm | Niebieskie 80g"},"content":{"rendered":"<p>Przedstawiamy Pa\u0144stwu kolorowe koperty idealne do zaprosze\u0144, podzi\u0119kowa\u0144 i wielu innych produkt\u00f3w. Koperty wykonujemy s\u0105 z najwy\u017cszej jako\u015bci papieru o gramaturze 80g\/m2 w <strong>KOLORZE NIEBIESKIM<\/strong>. Wyj\u0105tkowa faktura oraz r\u00f3\u017cnorodno\u015b\u0107 format\u00f3w to jedne z ich wielu zalet naszych kopert. B\u0119d\u0105 idealnym uzupe\u0142nieniem ka\u017cdego wyj\u0105tkowego projektu. Zamawiaj\u0105c koperty w naszej firmie masz pewno\u015b\u0107, \u017ce spe\u0142ni\u0105 oczekiwania Twoje i Twoich klient\u00f3w.<\/p>\n<p>Wszystkie koperty sprzedajemy w <span style=\"color: #ff0000;\"><strong><em>kompletach \u2013 kupuj\u0105c 1 kpl. kupujesz 5 szt.<\/em><\/strong><\/span><\/p>\n<p>Co wyr\u00f3\u017cnia nasze koperty? Przede wszystkim indywidualne rozmiary i kolory. K\u0142adziemy du\u017cy nacisk na estetyk\u0119 i dok\u0142adno\u015b\u0107.<\/p>\n<p>Jeste\u015bmy profesjonaln\u0105 i przyjazn\u0105 dla klienta firm\u0105, dlatego przyk\u0142adamy du\u017c\u0105 wag\u0119 na\u00a0<b>jako\u015b\u0107<\/b>\u00a0i\u00a0<b>terminowo\u015b\u0107\u00a0<\/b>wykonywanych produkt\u00f3w. Do ka\u017cdego zam\u00f3wienia podchodzimy\u00a0<b>indywidualnie<\/b>, a \u015bredni czas realizacji zlecenia mie\u015bci si\u0119 w terminie 5 dni roboczych. Oczywi\u015bcie na \u017cyczenie klienta wystawiamy faktur\u0119.<\/p>\n","protected":false},"excerpt":{"rendered":"<p>Niebieskie koperty standardowe C6 kopertowe &#8211; 114mm x 162mm \u2013 80g<\/p>\n","protected":false},"featured_media":137757,"comment_status":"open","ping_status":"closed","template":"","meta":{"rs_blank_template":"","rs_page_bg_color":"","slide_template_v7":""},"product_brand":[],"product_cat":[196,111,136,112,194],"product_tag":[141,142,139,143,213,118,189,135],"class_list":{"0":"post-137068","1":"product","2":"type-product","3":"status-publish","4":"has-post-thumbnail","6":"product_cat-c6","7":"product_cat-koperty","8":"product_cat-koperty-kolorowe","9":"product_cat-koperty-ozdobne","10":"product_cat-koperty-standardowe-koperty-kolorowe","11":"product_tag-114mm","12":"product_tag-162mm","13":"product_tag-80g","14":"product_tag-c6","15":"product_tag-kopertowe","16":"product_tag-koperty","17":"product_tag-niebieskie","18":"product_tag-standardowe","20":"first","21":"instock","22":"shipping-taxable","23":"purchasable","24":"product-type-simple"},"_links":{"self":[{"href":"https:\/\/art-graf.net\/index.php\/wp-json\/wp\/v2\/product\/137068","targetHints":{"allow":["GET"]}}],"collection":[{"href":"https:\/\/art-graf.net\/index.php\/wp-json\/wp\/v2\/product"}],"about":[{"href":"https:\/\/art-graf.net\/index.php\/wp-json\/wp\/v2\/types\/product"}],"replies":[{"embeddable":true,"href":"https:\/\/art-graf.net\/index.php\/wp-json\/wp\/v2\/comments?post=137068"}],"wp:featuredmedia":[{"embeddable":true,"href":"https:\/\/art-graf.net\/index.php\/wp-json\/wp\/v2\/media\/137757"}],"wp:attachment":[{"href":"https:\/\/art-graf.net\/index.php\/wp-json\/wp\/v2\/media?parent=137068"}],"wp:term":[{"taxonomy":"product_brand","embeddable":true,"href":"https:\/\/art-graf.net\/index.php\/wp-json\/wp\/v2\/product_brand?post=137068"},{"taxonomy":"product_cat","embeddable":true,"href":"https:\/\/art-graf.net\/index.php\/wp-json\/wp\/v2\/product_cat?post=137068"},{"taxonomy":"product_tag","embeddable":true,"href":"https:\/\/art-graf.net\/index.php\/wp-json\/wp\/v2\/product_tag?post=137068"}],"curies":[{"name":"wp","href":"https:\/\/api.w.org\/{rel}","templated":true}]}}