{"id":137086,"date":"2025-02-22T13:06:21","date_gmt":"2025-02-22T12:06:21","guid":{"rendered":"http:\/\/mjfoto.webd.pro\/artgraf\/?post_type=product&#038;p=137086"},"modified":"2026-02-02T10:46:24","modified_gmt":"2026-02-02T09:46:24","slug":"koperty-b6-kopertowe-125mm-x-176mm-morskie-80g","status":"publish","type":"product","link":"https:\/\/art-graf.net\/index.php\/product\/koperty-b6-kopertowe-125mm-x-176mm-morskie-80g\/","title":{"rendered":"Koperty B6 kopertowe 125mm x 176mm \/ Morskie 80g"},"content":{"rendered":"<p>Przedstawiamy Pa\u0144stwu kolorowe koperty idealne do zaprosze\u0144, podzi\u0119kowa\u0144 i wielu innych. Koperty wykonane s\u0105 w KOLORZE MORSKIM z papieru o gramaturze 80g. Zamawiaj\u0105c koperty w naszej firmie masz pewno\u015b\u0107, \u017ce spe\u0142ni\u0105 oczekiwania Twoje i Twoich klient\u00f3w.<\/p>\n<p>Wszystkie koperty sprzedawane s\u0105 w\u00a0<span style=\"color: #ff0000;\"><strong><em>kompletach \u2013 kupuj\u0105c 1 kpl. kupujesz 5 szt.<\/em><\/strong><\/span><\/p>\n","protected":false},"excerpt":{"rendered":"<p>Morskie koperty standardowe B6 kopertowe &#8211; 125mm x 176mm \u2013 80g<\/p>\n","protected":false},"featured_media":0,"comment_status":"open","ping_status":"closed","template":"","meta":{"rs_blank_template":"","rs_page_bg_color":"","slide_template_v7":""},"product_brand":[],"product_cat":[195,111,136,112,194],"product_tag":[117,133,139,134,213,118,190,135],"class_list":{"0":"post-137086","1":"product","2":"type-product","3":"status-publish","5":"product_cat-b6","6":"product_cat-koperty","7":"product_cat-koperty-kolorowe","8":"product_cat-koperty-ozdobne","9":"product_cat-koperty-standardowe-koperty-kolorowe","10":"product_tag-125mm","11":"product_tag-176mm","12":"product_tag-80g","13":"product_tag-b6","14":"product_tag-kopertowe","15":"product_tag-koperty","16":"product_tag-morskie","17":"product_tag-standardowe","19":"first","20":"instock","21":"shipping-taxable","22":"purchasable","23":"product-type-simple"},"_links":{"self":[{"href":"https:\/\/art-graf.net\/index.php\/wp-json\/wp\/v2\/product\/137086","targetHints":{"allow":["GET"]}}],"collection":[{"href":"https:\/\/art-graf.net\/index.php\/wp-json\/wp\/v2\/product"}],"about":[{"href":"https:\/\/art-graf.net\/index.php\/wp-json\/wp\/v2\/types\/product"}],"replies":[{"embeddable":true,"href":"https:\/\/art-graf.net\/index.php\/wp-json\/wp\/v2\/comments?post=137086"}],"wp:attachment":[{"href":"https:\/\/art-graf.net\/index.php\/wp-json\/wp\/v2\/media?parent=137086"}],"wp:term":[{"taxonomy":"product_brand","embeddable":true,"href":"https:\/\/art-graf.net\/index.php\/wp-json\/wp\/v2\/product_brand?post=137086"},{"taxonomy":"product_cat","embeddable":true,"href":"https:\/\/art-graf.net\/index.php\/wp-json\/wp\/v2\/product_cat?post=137086"},{"taxonomy":"product_tag","embeddable":true,"href":"https:\/\/art-graf.net\/index.php\/wp-json\/wp\/v2\/product_tag?post=137086"}],"curies":[{"name":"wp","href":"https:\/\/api.w.org\/{rel}","templated":true}]}}